{"id":4,"date":"2012-05-09T11:11:08","date_gmt":"2012-05-09T11:11:08","guid":{"rendered":"https:\/\/www.mardequel.com\/blog\/\/?page_id=4"},"modified":"2018-12-12T12:18:27","modified_gmt":"2018-12-12T10:18:27","slug":"quienes-somos","status":"publish","type":"page","link":"https:\/\/www.mardequel.com\/blog\/quienes-somos\/","title":{"rendered":"Quienes somos"},"content":{"rendered":"<p><strong>Mart\u00ednez de Quel<\/strong>\u00a0es una de las empresas l\u00edderes en el sector de la distribuci\u00f3n de alimentos congelados en el norte de Espa\u00f1a, gracias a nuestros productos de alta calidad y nuestra \u00e9tica comercial que nos permite satisfacer las necesidades de nuestros clientes.<\/p>\n<p>En la actualidad nuestra actividad se centra en las comunidades de La Rioja, Navarra, Pa\u00eds Vasco, Cantabria, Asturias, Castilla y Le\u00f3n, Arag\u00f3n y Madrid. Adem\u00e1s, en\u00a0<strong>La Rioja<\/strong>, y\u00a0<strong>Valladolid<\/strong>\u00a0nos dedicamos a la venta de pescado fresco.<\/p>\n<p>En los \u00faltimos a\u00f1os la empresa se ha dotado de las m\u00e1s avanzadas tecnolog\u00edas y ha ampliado su capacidad productiva y de almacenamiento con\u00a0<strong>nuevos centros<\/strong>, lo que nos permite seguir ampliando nuestra gama de productos, garantizando el mejor servicio y calidad, as\u00ed como seguir creciendo.<\/p>\n<p>El secreto de nuestro \u00e9xito es la conciencia de superaci\u00f3n, el af\u00e1n de mejorar y el trato sincero y directo entre nuestros agentes y nuestros clientes.<\/p>\n<p>&nbsp;<\/p>\n","protected":false},"excerpt":{"rendered":"<p>Mart\u00ednez de Quel\u00a0es una de las empresas l\u00edderes en el sector de la distribuci\u00f3n de alimentos congelados en el norte de Espa\u00f1a, gracias a nuestros productos de alta calidad y&#8230;<\/p>\n","protected":false},"author":1,"featured_media":0,"parent":0,"menu_order":0,"comment_status":"open","ping_status":"open","template":"","meta":{"_acf_changed":false,"footnotes":""},"class_list":["post-4","page","type-page","status-publish"],"acf":[],"_links":{"self":[{"href":"https:\/\/www.mardequel.com\/blog\/wp-json\/wp\/v2\/pages\/4","targetHints":{"allow":["GET"]}}],"collection":[{"href":"https:\/\/www.mardequel.com\/blog\/wp-json\/wp\/v2\/pages"}],"about":[{"href":"https:\/\/www.mardequel.com\/blog\/wp-json\/wp\/v2\/types\/page"}],"author":[{"embeddable":true,"href":"https:\/\/www.mardequel.com\/blog\/wp-json\/wp\/v2\/users\/1"}],"replies":[{"embeddable":true,"href":"https:\/\/www.mardequel.com\/blog\/wp-json\/wp\/v2\/comments?post=4"}],"version-history":[{"count":8,"href":"https:\/\/www.mardequel.com\/blog\/wp-json\/wp\/v2\/pages\/4\/revisions"}],"predecessor-version":[{"id":1958,"href":"https:\/\/www.mardequel.com\/blog\/wp-json\/wp\/v2\/pages\/4\/revisions\/1958"}],"wp:attachment":[{"href":"https:\/\/www.mardequel.com\/blog\/wp-json\/wp\/v2\/media?parent=4"}],"curies":[{"name":"wp","href":"https:\/\/api.w.org\/{rel}","templated":true}]}}