{"id":223,"date":"2012-05-20T22:15:37","date_gmt":"2012-05-20T22:15:37","guid":{"rendered":"https:\/\/www.mardequel.com\/blog\/\/?page_id=223"},"modified":"2023-03-28T10:48:28","modified_gmt":"2023-03-28T08:48:28","slug":"burgos","status":"publish","type":"page","link":"https:\/\/www.mardequel.com\/blog\/quienes-somos\/instalaciones\/burgos\/","title":{"rendered":"Burgos"},"content":{"rendered":"<p><strong>Comercialmente cubre las provincia de Burgos.<\/strong><\/p>\n<p><a href=\"https:\/\/www.mardequel.com\/blog\/wp-content\/uploads\/2019\/03\/Burgos-Fachada.jpg\"><img loading=\"lazy\" decoding=\"async\" class=\"alignright size-full wp-image-2040\" src=\"https:\/\/www.mardequel.com\/blog\/wp-content\/uploads\/2019\/03\/Burgos-Fachada.jpg\" alt=\"\" width=\"669\" height=\"359\" \/><\/a><\/p>\n<div style=\"float: right;\">\n<p><iframe loading=\"lazy\" style=\"border: 0;\" src=\"https:\/\/www.google.com\/maps\/embed?pb=!1m18!1m12!1m3!1d2948.7538783085733!2d-3.6629200845440764!3d42.347770479187666!2m3!1f0!2f0!3f0!3m2!1i1024!2i768!4f13.1!3m3!1m2!1s0x0%3A0xd3e27d6de14094c1!2sMart%C3%ADnez+de+Quel+S.L.!5e0!3m2!1ses!2ses!4v1531986498288\" width=\"380\" height=\"200\" frameborder=\"0\" allowfullscreen=\"allowfullscreen\"><\/iframe><\/p>\n<\/div>\n<div style=\"float: left;\">\n<p>Avd. De la Constituci\u00f3n Espa\u00f1ola 51<br \/>\nNave C-2<br \/>\nPol\u00edgono Industrial Gamonal-Villimar<\/p>\n<p>Burgos<\/p>\n<p>T. 947 485 636<\/p>\n<\/div>\n","protected":false},"excerpt":{"rendered":"<p>Comercialmente cubre las provincia de Burgos. Avd. De la Constituci\u00f3n Espa\u00f1ola 51 Nave C-2 Pol\u00edgono Industrial Gamonal-Villimar Burgos T. 947 485 636<\/p>\n","protected":false},"author":1,"featured_media":0,"parent":202,"menu_order":0,"comment_status":"open","ping_status":"open","template":"","meta":{"_acf_changed":false,"footnotes":""},"class_list":["post-223","page","type-page","status-publish"],"acf":[],"_links":{"self":[{"href":"https:\/\/www.mardequel.com\/blog\/wp-json\/wp\/v2\/pages\/223","targetHints":{"allow":["GET"]}}],"collection":[{"href":"https:\/\/www.mardequel.com\/blog\/wp-json\/wp\/v2\/pages"}],"about":[{"href":"https:\/\/www.mardequel.com\/blog\/wp-json\/wp\/v2\/types\/page"}],"author":[{"embeddable":true,"href":"https:\/\/www.mardequel.com\/blog\/wp-json\/wp\/v2\/users\/1"}],"replies":[{"embeddable":true,"href":"https:\/\/www.mardequel.com\/blog\/wp-json\/wp\/v2\/comments?post=223"}],"version-history":[{"count":23,"href":"https:\/\/www.mardequel.com\/blog\/wp-json\/wp\/v2\/pages\/223\/revisions"}],"predecessor-version":[{"id":3029,"href":"https:\/\/www.mardequel.com\/blog\/wp-json\/wp\/v2\/pages\/223\/revisions\/3029"}],"up":[{"embeddable":true,"href":"https:\/\/www.mardequel.com\/blog\/wp-json\/wp\/v2\/pages\/202"}],"wp:attachment":[{"href":"https:\/\/www.mardequel.com\/blog\/wp-json\/wp\/v2\/media?parent=223"}],"curies":[{"name":"wp","href":"https:\/\/api.w.org\/{rel}","templated":true}]}}