{"id":219,"date":"2012-05-20T22:14:52","date_gmt":"2012-05-20T22:14:52","guid":{"rendered":"https:\/\/www.mardequel.com\/blog\/\/?page_id=219"},"modified":"2023-03-28T10:50:00","modified_gmt":"2023-03-28T08:50:00","slug":"logrono","status":"publish","type":"page","link":"https:\/\/www.mardequel.com\/blog\/quienes-somos\/instalaciones\/logrono\/","title":{"rendered":"Logro\u00f1o"},"content":{"rendered":"[vc_row type=&#8221;in_container&#8221; full_screen_row_position=&#8221;middle&#8221; scene_position=&#8221;center&#8221; text_color=&#8221;dark&#8221; text_align=&#8221;left&#8221; overlay_strength=&#8221;0.3&#8243; shape_divider_position=&#8221;bottom&#8221;][vc_column column_padding=&#8221;no-extra-padding&#8221; column_padding_position=&#8221;all&#8221; background_color_opacity=&#8221;1&#8243; background_hover_color_opacity=&#8221;1&#8243; column_link_target=&#8221;_self&#8221; column_shadow=&#8221;none&#8221; column_border_radius=&#8221;none&#8221; width=&#8221;1\/1&#8243; tablet_width_inherit=&#8221;default&#8221; tablet_text_alignment=&#8221;default&#8221; phone_text_alignment=&#8221;default&#8221; column_border_width=&#8221;none&#8221; column_border_style=&#8221;solid&#8221;][vc_column_text el_class=&#8221;instalaciones&#8221;]Situadas en la calle Camino Valdegastea n\u00ba 14, est\u00e1n formadas por pabellones, c\u00e1maras frigor\u00edficas, oficinas y una\u00a0tienda para la venta al p\u00fablico\u00a0con una superficie total construida de 2.600 m2\u00a0y una parcela de 37.776 m2.[\/vc_column_text][vc_column_text]Situadas en la calle Camino Valdegastea n\u00ba 14, est\u00e1n formadas por pabellones, c\u00e1maras frigor\u00edficas, oficinas y una\u00a0<strong>tienda para la venta al p\u00fablico<\/strong>\u00a0con una superficie total construida de 2.600 m2\u00a0y una parcela de 37.776 m2.<\/p>\n<p>Instalaci\u00f3n frigor\u00edfica:<br \/>\n* Dimensiones: Longitud 31 m x Anchura 31 m x Altura 13,4 m.<br \/>\n* Sistema de Almacenaje autoportante servido por carretillas trilaterales.<br \/>\n* Capacidad en metros c\u00fabicos, 12.800 y capacidad en paletas, 2.416.<\/p>\n<p>Hay otras dos c\u00e1maras frigor\u00edficas iguales de 600 metros c\u00fabicos de capacidad cada una.<\/p>\n<p>Tambi\u00e9n, en esta localidad, poseemos un puesto de venta al por mayor de pescados frescos en MERCARIOJA, puesto n\u00ba 8 con oficinas, c\u00e1mara de conservaci\u00f3n y muelle de carga.<\/p>\n<p>Camino Las Tejeras, pto 8<br \/>\nCP: 26006<br \/>\nT. 941 209 050<\/p>\n<p>Asimismo tenemos puesto de venta al por menor de pescado fresco en el primer piso de la Plaza de Abastos (Tfno 941 228 650)<\/p>\n<p><strong>Comercialmente cubre La Rioja, \u00c1lava, Tierra Estella, La Ribera de Navarra, Comarca de Tudela y la provincia de Soria.<br \/>\n<\/strong><\/p>\n<div style=\"float: right;\"><iframe loading=\"lazy\" src=\"http:\/\/maps.google.es\/maps?f=q&amp;source=s_q&amp;hl=es&amp;geocode=&amp;q=Martinez+de+Quel+S.L.,+Logro%C3%B1o&amp;aq=&amp;sll=42.458617,-2.463831&amp;sspn=0.030205,0.068064&amp;t=h&amp;ie=UTF8&amp;hq=martinez+de+quel+sl&amp;hnear=Logro%C3%B1o,+La+Rioja&amp;ll=42.46241,-2.480979&amp;spn=0.003166,0.008132&amp;z=16&amp;output=embed\" width=\"380\" height=\"200\" frameborder=\"0\" marginwidth=\"0\" marginheight=\"0\" scrolling=\"no\"><\/iframe><br \/>\n<small><a style=\"color: #0000ff; text-align: left;\" href=\"http:\/\/maps.google.es\/maps?f=q&amp;source=embed&amp;hl=es&amp;geocode=&amp;q=Martinez+de+Quel+S.L.,+Logro%C3%B1o&amp;aq=&amp;sll=42.458617,-2.463831&amp;sspn=0.030205,0.068064&amp;t=h&amp;ie=UTF8&amp;hq=martinez+de+quel+sl&amp;hnear=Logro%C3%B1o,+La+Rioja&amp;ll=42.46241,-2.480979&amp;spn=0.003166,0.008132&amp;z=16\">Ver mapa m\u00e1s grande<\/a><\/small><\/div>\n<div style=\"float: left;\">\n<p>Camino Valdegastea, 14-18<br \/>\nC.P: 26007<br \/>\nT. 941 287 000<\/p>\n<\/div>\n[\/vc_column_text][\/vc_column][\/vc_row]\n","protected":false},"excerpt":{"rendered":"<p>[vc_row type=&#8221;in_container&#8221; full_screen_row_position=&#8221;middle&#8221; scene_position=&#8221;center&#8221; text_color=&#8221;dark&#8221; text_align=&#8221;left&#8221; overlay_strength=&#8221;0.3&#8243; shape_divider_position=&#8221;bottom&#8221;][vc_column column_padding=&#8221;no-extra-padding&#8221; column_padding_position=&#8221;all&#8221; background_color_opacity=&#8221;1&#8243; background_hover_color_opacity=&#8221;1&#8243; column_link_target=&#8221;_self&#8221; column_shadow=&#8221;none&#8221; column_border_radius=&#8221;none&#8221; width=&#8221;1\/1&#8243; tablet_width_inherit=&#8221;default&#8221; tablet_text_alignment=&#8221;default&#8221; phone_text_alignment=&#8221;default&#8221; column_border_width=&#8221;none&#8221; column_border_style=&#8221;solid&#8221;][vc_column_text el_class=&#8221;instalaciones&#8221;]Situadas en la calle Camino Valdegastea n\u00ba 14, est\u00e1n&#8230;<\/p>\n","protected":false},"author":1,"featured_media":0,"parent":202,"menu_order":0,"comment_status":"open","ping_status":"open","template":"","meta":{"_acf_changed":false,"footnotes":""},"class_list":["post-219","page","type-page","status-publish"],"acf":[],"_links":{"self":[{"href":"https:\/\/www.mardequel.com\/blog\/wp-json\/wp\/v2\/pages\/219","targetHints":{"allow":["GET"]}}],"collection":[{"href":"https:\/\/www.mardequel.com\/blog\/wp-json\/wp\/v2\/pages"}],"about":[{"href":"https:\/\/www.mardequel.com\/blog\/wp-json\/wp\/v2\/types\/page"}],"author":[{"embeddable":true,"href":"https:\/\/www.mardequel.com\/blog\/wp-json\/wp\/v2\/users\/1"}],"replies":[{"embeddable":true,"href":"https:\/\/www.mardequel.com\/blog\/wp-json\/wp\/v2\/comments?post=219"}],"version-history":[{"count":16,"href":"https:\/\/www.mardequel.com\/blog\/wp-json\/wp\/v2\/pages\/219\/revisions"}],"predecessor-version":[{"id":3031,"href":"https:\/\/www.mardequel.com\/blog\/wp-json\/wp\/v2\/pages\/219\/revisions\/3031"}],"up":[{"embeddable":true,"href":"https:\/\/www.mardequel.com\/blog\/wp-json\/wp\/v2\/pages\/202"}],"wp:attachment":[{"href":"https:\/\/www.mardequel.com\/blog\/wp-json\/wp\/v2\/media?parent=219"}],"curies":[{"name":"wp","href":"https:\/\/api.w.org\/{rel}","templated":true}]}}