{"id":200,"date":"2012-05-20T21:52:41","date_gmt":"2012-05-20T21:52:41","guid":{"rendered":"https:\/\/www.mardequel.com\/blog\/\/?page_id=200"},"modified":"2019-03-13T10:00:41","modified_gmt":"2019-03-13T08:00:41","slug":"historia","status":"publish","type":"page","link":"https:\/\/www.mardequel.com\/blog\/quienes-somos\/historia\/","title":{"rendered":"Historia"},"content":{"rendered":"<p><img loading=\"lazy\" decoding=\"async\" class=\"aligncenter size-full wp-image-300\" title=\"camiones650\" src=\"https:\/\/www.mardequel.com\/blog\/wp-content\/uploads\/2012\/05\/camiones650.jpg\" alt=\"\" width=\"650\" height=\"236\" srcset=\"https:\/\/www.mardequel.com\/blog\/wp-content\/uploads\/2012\/05\/camiones650.jpg 650w, https:\/\/www.mardequel.com\/blog\/wp-content\/uploads\/2012\/05\/camiones650-300x108.jpg 300w\" sizes=\"auto, (max-width: 650px) 100vw, 650px\" \/><\/p>\n<p>En el a\u00f1o 1983 fue constituida la sociedad\u00a0<strong>Mart\u00ednez de Quel S.L<\/strong>., como continuaci\u00f3n de los negocios que realizaban Don Juan Mart\u00ednez de Quel y Do\u00f1a Aurelia Mart\u00ednez Losa. Esta sociedad cont\u00f3 con las participaciones del matrimonio anteriormente citado y su hijo Don Julio Enrique Mart\u00ednez de Quel.<\/p>\n<p>La primera delegaci\u00f3n que se cre\u00f3 fue la de Logro\u00f1o en el a\u00f1o 1983, seguida por las de Burgos y Pamplona una a\u00f1o despu\u00e9s. En 1997 se abri\u00f3 la delegaci\u00f3n de Bilbao, que en el a\u00f1o 2003 se traslad\u00f3 a Castro Urdiales, en el 2000 la de Valladolid y finalmente la de Zaragoza en el a\u00f1o 2014.<\/p>\n<p>En 2008 emprendimos un nuevo camino empresarial abriendo nuestra primera tienda de congelados dentro de la delegaci\u00f3n de Logro\u00f1o. Porteriormente, se abrieron tiendas en Pamplona (Barbata\u00edn 2009 y Avd. Bayona 2015), S\u00e1mano (Castro Urdiales) en 2011, Vitoria en 2013, Utebo (Zaragoza) en 2014 y 2018 y Valladolid en 2015.<\/p>\n<blockquote><p><span style=\"color: #ff0000;\">&#8220;Esta sociedad cuenta con una experiencia acumulada de 55 a\u00f1os en el sector de asentadores y mayoristas de pescados frescos y congelados.&#8221;<\/span><\/p><\/blockquote>\n","protected":false},"excerpt":{"rendered":"<p>En el a\u00f1o 1983 fue constituida la sociedad\u00a0Mart\u00ednez de Quel S.L., como continuaci\u00f3n de los negocios que realizaban Don Juan Mart\u00ednez de Quel y Do\u00f1a Aurelia Mart\u00ednez Losa. Esta sociedad&#8230;<\/p>\n","protected":false},"author":1,"featured_media":0,"parent":4,"menu_order":0,"comment_status":"open","ping_status":"open","template":"","meta":{"_acf_changed":false,"footnotes":""},"class_list":["post-200","page","type-page","status-publish"],"acf":[],"_links":{"self":[{"href":"https:\/\/www.mardequel.com\/blog\/wp-json\/wp\/v2\/pages\/200","targetHints":{"allow":["GET"]}}],"collection":[{"href":"https:\/\/www.mardequel.com\/blog\/wp-json\/wp\/v2\/pages"}],"about":[{"href":"https:\/\/www.mardequel.com\/blog\/wp-json\/wp\/v2\/types\/page"}],"author":[{"embeddable":true,"href":"https:\/\/www.mardequel.com\/blog\/wp-json\/wp\/v2\/users\/1"}],"replies":[{"embeddable":true,"href":"https:\/\/www.mardequel.com\/blog\/wp-json\/wp\/v2\/comments?post=200"}],"version-history":[{"count":12,"href":"https:\/\/www.mardequel.com\/blog\/wp-json\/wp\/v2\/pages\/200\/revisions"}],"predecessor-version":[{"id":2065,"href":"https:\/\/www.mardequel.com\/blog\/wp-json\/wp\/v2\/pages\/200\/revisions\/2065"}],"up":[{"embeddable":true,"href":"https:\/\/www.mardequel.com\/blog\/wp-json\/wp\/v2\/pages\/4"}],"wp:attachment":[{"href":"https:\/\/www.mardequel.com\/blog\/wp-json\/wp\/v2\/media?parent=200"}],"curies":[{"name":"wp","href":"https:\/\/api.w.org\/{rel}","templated":true}]}}